{"id":13,"date":"2018-09-12T08:29:36","date_gmt":"2018-09-12T08:29:36","guid":{"rendered":"http:\/\/praxis-kieler-tor.de\/?page_id=13"},"modified":"2025-04-09T13:25:40","modified_gmt":"2025-04-09T13:25:40","slug":"ueber-kirsten-geissler","status":"publish","type":"page","link":"https:\/\/praxis-kieler-tor.de\/?page_id=13","title":{"rendered":"KIRSTEN JENNER"},"content":{"rendered":"<p><img loading=\"lazy\" class=\"size-medium wp-image-132\" src=\"http:\/\/praxis-kieler-tor.de\/wp-content\/uploads\/2018\/10\/f2130dd5-300x233.jpg\" alt=\"\" width=\"300\" height=\"233\" srcset=\"https:\/\/praxis-kieler-tor.de\/wp-content\/uploads\/2018\/10\/f2130dd5-300x233.jpg 300w, https:\/\/praxis-kieler-tor.de\/wp-content\/uploads\/2018\/10\/f2130dd5-768x597.jpg 768w, https:\/\/praxis-kieler-tor.de\/wp-content\/uploads\/2018\/10\/f2130dd5-1024x796.jpg 1024w\" sizes=\"(max-width: 300px) 100vw, 300px\" \/><\/p>\n<h6>BERUFSERFAHRUNG<\/h6>\n<p><span class=\"s1\">2016 bis 2018 Chef\u00e4rztin der Rehabilitationsklinik f\u00fcr Kinder- und Jugendliche Charlottenhall. Schwerpunkt der T\u00e4tigkeit: Psychosomatik, Schmerz und Psychotherapie.<\/span><\/p>\n<p class=\"p1\"><span class=\"s1\">2014 bis 2016 leitende Ober\u00e4rztin der Klinik f\u00fcr Kinder- und Jugendpsychiatrie und -psychotherapie Mariaberg in Baden-W\u00fcrttemberg.<\/span><\/p>\n<p><span class=\"s1\">In Kiel bis 2014 t\u00e4tig, zuletzt als Ober\u00e4rztin der Tagesklinik f\u00fcr Kinder- und Jugendliche des ZIP<\/span>.<\/p>\n<h6>ZUSATZQUALIFIKATION<\/h6>\n<p class=\"p1\"><span class=\"s1\">Zertifikat f\u00fcr hypnosystemische Konzepte bei Kindern und Jugendlichen<\/span><\/p>\n<p class=\"p1\"><span class=\"s1\">Entspannungsverfahren: Progressive Muskelentspannung, Anleitung zur Selbsthypnose<\/span><\/p>\n<p class=\"p1\"><span class=\"s1\">Mitglied der Milton Erickson Gesellschaft und des BKJPP<\/span><\/p>\n<p>EMI &#8211; Zertifikat des EMI-Institute International<\/p>\n<p><a href=\"http:\/\/praxis-kieler-tor.de\/?page_id=199\">Weiterbildungserm\u00e4chtigung<\/a><\/p>\n<h6>AUSBILDUNG<\/h6>\n<p class=\"p1\"><span class=\"s1\">Medizinstudium in Kiel, Weiterbildung an der Universit\u00e4tsklinik Kiel (UKSH).\u00a0<\/span>1988 Approbation als \u00c4rztin<\/p>\n<p class=\"p1\"><span class=\"s1\">Seit 2010 Fach\u00e4rztin f\u00fcr Kinder- und Jugendpsychiatrie und -psychotherapie. Schwerpunkt Verhaltenstherapie.<\/span><\/p>\n","protected":false},"excerpt":{"rendered":"<p>BERUFSERFAHRUNG 2016 bis 2018 Chef\u00e4rztin der Rehabilitationsklinik f\u00fcr Kinder- und Jugendliche Charlottenhall. Schwerpunkt der T\u00e4tigkeit: Psychosomatik, Schmerz und Psychotherapie. 2014 bis 2016 leitende Ober\u00e4rztin der Klinik f\u00fcr Kinder- und Jugendpsychiatrie und -psychotherapie Mariaberg in Baden-W\u00fcrttemberg. In Kiel bis 2014 t\u00e4tig, zuletzt als Ober\u00e4rztin der Tagesklinik f\u00fcr Kinder- und Jugendliche des ZIP. ZUSATZQUALIFIKATION Zertifikat f\u00fcr hypnosystemische &hellip; <a href=\"https:\/\/praxis-kieler-tor.de\/?page_id=13\" class=\"more-link\"><span class=\"screen-reader-text\">KIRSTEN JENNER<\/span> weiterlesen<\/a><\/p>\n","protected":false},"author":1,"featured_media":0,"parent":0,"menu_order":0,"comment_status":"closed","ping_status":"closed","template":"","meta":[],"_links":{"self":[{"href":"https:\/\/praxis-kieler-tor.de\/index.php?rest_route=\/wp\/v2\/pages\/13"}],"collection":[{"href":"https:\/\/praxis-kieler-tor.de\/index.php?rest_route=\/wp\/v2\/pages"}],"about":[{"href":"https:\/\/praxis-kieler-tor.de\/index.php?rest_route=\/wp\/v2\/types\/page"}],"author":[{"embeddable":true,"href":"https:\/\/praxis-kieler-tor.de\/index.php?rest_route=\/wp\/v2\/users\/1"}],"replies":[{"embeddable":true,"href":"https:\/\/praxis-kieler-tor.de\/index.php?rest_route=%2Fwp%2Fv2%2Fcomments&post=13"}],"version-history":[{"count":16,"href":"https:\/\/praxis-kieler-tor.de\/index.php?rest_route=\/wp\/v2\/pages\/13\/revisions"}],"predecessor-version":[{"id":268,"href":"https:\/\/praxis-kieler-tor.de\/index.php?rest_route=\/wp\/v2\/pages\/13\/revisions\/268"}],"wp:attachment":[{"href":"https:\/\/praxis-kieler-tor.de\/index.php?rest_route=%2Fwp%2Fv2%2Fmedia&parent=13"}],"curies":[{"name":"wp","href":"https:\/\/api.w.org\/{rel}","templated":true}]}}