{"id":135,"date":"2018-12-13T18:32:27","date_gmt":"2018-12-13T18:32:27","guid":{"rendered":"http:\/\/praxis-kieler-tor.de\/?page_id=135"},"modified":"2025-04-02T13:06:44","modified_gmt":"2025-04-02T13:06:44","slug":"impressum","status":"publish","type":"page","link":"https:\/\/praxis-kieler-tor.de\/?page_id=135","title":{"rendered":"Impressum"},"content":{"rendered":"<p>Angaben gem\u00e4\u00df \u00a7 5 TMG:<\/p>\n<p>Kirsten Jenner<br \/>\nPsychotherapie f\u00fcr Kinder und Jugendliche<br \/>\nKieler Tor 1<br \/>\n24619 Bornh\u00f6ved<\/p>\n<p>Kontakt<br \/>\nTelefon: 04323 &#8211; 8056243<br \/>\nTelefax: 04323 &#8211; 9837985<\/p>\n<p>E-Mail: info@praxis-kieler-tor.de<\/p>\n<p>Aufsichtsbeh\u00f6rde: Kassen\u00e4rztliche Vereinigung Schleswig-Holstein<\/p>\n<p>Berufsbezeichnung: Fach\u00e4rztin f\u00fcr Kinder-und Jugendpsychiatrie und -psychotherapie<\/p>\n<p>Zust\u00e4ndige Kammer: \u00c4rztekammer Schleswig-Holstein<br \/>\n<a href=\"https:\/\/www.aeksh.de\/\">https:\/\/www.aeksh.de\/<\/a><br \/>\nVerliehen durch: Deutschland<\/p>\n<p><em>Trotz sorgf\u00e4ltiger inhaltlicher Kontrolle \u00fcbernehmen wir keine Haftung f\u00fcr die Inhalte externer Links. F\u00fcr den Inhalt der verlinkten Seiten sind ausschlie\u00dflich deren Betreiber verantwortlich.<\/em><\/p>\n","protected":false},"excerpt":{"rendered":"<p>Angaben gem\u00e4\u00df \u00a7 5 TMG: Kirsten Jenner Psychotherapie f\u00fcr Kinder und Jugendliche Kieler Tor 1 24619 Bornh\u00f6ved Kontakt Telefon: 04323 &#8211; 8056243 Telefax: 04323 &#8211; 9837985 E-Mail: info@praxis-kieler-tor.de Aufsichtsbeh\u00f6rde: Kassen\u00e4rztliche Vereinigung Schleswig-Holstein Berufsbezeichnung: Fach\u00e4rztin f\u00fcr Kinder-und Jugendpsychiatrie und -psychotherapie Zust\u00e4ndige Kammer: \u00c4rztekammer Schleswig-Holstein https:\/\/www.aeksh.de\/ Verliehen durch: Deutschland Trotz sorgf\u00e4ltiger inhaltlicher Kontrolle \u00fcbernehmen wir keine Haftung &hellip; <a href=\"https:\/\/praxis-kieler-tor.de\/?page_id=135\" class=\"more-link\"><span class=\"screen-reader-text\">Impressum<\/span> weiterlesen<\/a><\/p>\n","protected":false},"author":1,"featured_media":0,"parent":0,"menu_order":0,"comment_status":"closed","ping_status":"closed","template":"","meta":[],"_links":{"self":[{"href":"https:\/\/praxis-kieler-tor.de\/index.php?rest_route=\/wp\/v2\/pages\/135"}],"collection":[{"href":"https:\/\/praxis-kieler-tor.de\/index.php?rest_route=\/wp\/v2\/pages"}],"about":[{"href":"https:\/\/praxis-kieler-tor.de\/index.php?rest_route=\/wp\/v2\/types\/page"}],"author":[{"embeddable":true,"href":"https:\/\/praxis-kieler-tor.de\/index.php?rest_route=\/wp\/v2\/users\/1"}],"replies":[{"embeddable":true,"href":"https:\/\/praxis-kieler-tor.de\/index.php?rest_route=%2Fwp%2Fv2%2Fcomments&post=135"}],"version-history":[{"count":14,"href":"https:\/\/praxis-kieler-tor.de\/index.php?rest_route=\/wp\/v2\/pages\/135\/revisions"}],"predecessor-version":[{"id":264,"href":"https:\/\/praxis-kieler-tor.de\/index.php?rest_route=\/wp\/v2\/pages\/135\/revisions\/264"}],"wp:attachment":[{"href":"https:\/\/praxis-kieler-tor.de\/index.php?rest_route=%2Fwp%2Fv2%2Fmedia&parent=135"}],"curies":[{"name":"wp","href":"https:\/\/api.w.org\/{rel}","templated":true}]}}