{"id":199,"date":"2019-06-15T10:11:00","date_gmt":"2019-06-15T10:11:00","guid":{"rendered":"http:\/\/praxis-kieler-tor.de\/?page_id=199"},"modified":"2019-06-15T10:26:21","modified_gmt":"2019-06-15T10:26:21","slug":"supervision","status":"publish","type":"page","link":"https:\/\/praxis-kieler-tor.de\/?page_id=199","title":{"rendered":"SUPERVISION"},"content":{"rendered":"<p>Es besteht eine Weiterbildungserm\u00e4chtigung der \u00c4rztekammer Schleswig-Holstein f\u00fcr<\/p>\n<ul>\n<li style=\"list-style-type: none;\">\n<ul>\n<li><em>Progressive Muskelentspannung<\/em><\/li>\n<li><em>Hypnose<\/em><\/li>\n<li><em>Supervision<\/em><\/li>\n<\/ul>\n<\/li>\n<\/ul>\n<p>Zu Gruppenangeboten oder individuellen Terminen <a href=\"http:\/\/praxis-kieler-tor.de\/?page_id=71\">kontaktieren Sie die Praxis<\/a> telefonisch oder per Email.<\/p>\n","protected":false},"excerpt":{"rendered":"<p>Es besteht eine Weiterbildungserm\u00e4chtigung der \u00c4rztekammer Schleswig-Holstein f\u00fcr Progressive Muskelentspannung Hypnose Supervision Zu Gruppenangeboten oder individuellen Terminen kontaktieren Sie die Praxis telefonisch oder per Email.<\/p>\n","protected":false},"author":1,"featured_media":0,"parent":0,"menu_order":0,"comment_status":"closed","ping_status":"closed","template":"","meta":[],"_links":{"self":[{"href":"https:\/\/praxis-kieler-tor.de\/index.php?rest_route=\/wp\/v2\/pages\/199"}],"collection":[{"href":"https:\/\/praxis-kieler-tor.de\/index.php?rest_route=\/wp\/v2\/pages"}],"about":[{"href":"https:\/\/praxis-kieler-tor.de\/index.php?rest_route=\/wp\/v2\/types\/page"}],"author":[{"embeddable":true,"href":"https:\/\/praxis-kieler-tor.de\/index.php?rest_route=\/wp\/v2\/users\/1"}],"replies":[{"embeddable":true,"href":"https:\/\/praxis-kieler-tor.de\/index.php?rest_route=%2Fwp%2Fv2%2Fcomments&post=199"}],"version-history":[{"count":11,"href":"https:\/\/praxis-kieler-tor.de\/index.php?rest_route=\/wp\/v2\/pages\/199\/revisions"}],"predecessor-version":[{"id":211,"href":"https:\/\/praxis-kieler-tor.de\/index.php?rest_route=\/wp\/v2\/pages\/199\/revisions\/211"}],"wp:attachment":[{"href":"https:\/\/praxis-kieler-tor.de\/index.php?rest_route=%2Fwp%2Fv2%2Fmedia&parent=199"}],"curies":[{"name":"wp","href":"https:\/\/api.w.org\/{rel}","templated":true}]}}