{"id":2,"date":"2016-05-10T03:48:21","date_gmt":"2016-05-10T03:48:21","guid":{"rendered":"http:\/\/praxis-kieler-tor.de\/?page_id=2"},"modified":"2026-01-02T13:16:09","modified_gmt":"2026-01-02T13:16:09","slug":"sample-page","status":"publish","type":"page","link":"https:\/\/praxis-kieler-tor.de\/","title":{"rendered":"PRAXIS DAUERHAFT GESCHLOSSEN!"},"content":{"rendered":"<p>Die Praxis von Kirsten Jenner ist seit 23.12.2025 dauerhaft geschlossen.<\/p>\n<p>Das Team \u2013 Frau Sch\u00fcrfeld, Frau Gei\u00dfler, Frau Jenner und nat\u00fcrlich auch Charlie \u2013 bedankt sich ganz herzlich f\u00fcr die vertrauensvolle Zusammenarbeit.<\/p>\n<p><img loading=\"lazy\" class=\"alignnone size-medium wp-image-271\" src=\"http:\/\/praxis-kieler-tor.de\/wp-content\/uploads\/2026\/01\/Foto-Praxisteam-225x300.jpg\" alt=\"\" width=\"225\" height=\"300\" srcset=\"https:\/\/praxis-kieler-tor.de\/wp-content\/uploads\/2026\/01\/Foto-Praxisteam-225x300.jpg 225w, https:\/\/praxis-kieler-tor.de\/wp-content\/uploads\/2026\/01\/Foto-Praxisteam-768x1024.jpg 768w, https:\/\/praxis-kieler-tor.de\/wp-content\/uploads\/2026\/01\/Foto-Praxisteam-1152x1536.jpg 1152w, https:\/\/praxis-kieler-tor.de\/wp-content\/uploads\/2026\/01\/Foto-Praxisteam.jpg 1200w\" sizes=\"(max-width: 225px) 100vw, 225px\" \/><\/p>\n<p>Julia Gei\u00dfler bietet kostenfrei systemische <strong>Einzel-, Paar- und Familienberatung<\/strong> in Bornh\u00f6ved, Kiel und online an und ist per E-Mail unter kontakt@julia-geissler.de und telefonisch unter 0171\/1155203 erreichbar.<\/p>\n","protected":false},"excerpt":{"rendered":"<p>Die Praxis von Kirsten Jenner ist seit 23.12.2025 dauerhaft geschlossen. Das Team \u2013 Frau Sch\u00fcrfeld, Frau Gei\u00dfler, Frau Jenner und nat\u00fcrlich auch Charlie \u2013 bedankt sich ganz herzlich f\u00fcr die vertrauensvolle Zusammenarbeit. Julia Gei\u00dfler bietet kostenfrei systemische Einzel-, Paar- und Familienberatung in Bornh\u00f6ved, Kiel und online an und ist per E-Mail unter kontakt@julia-geissler.de und telefonisch &hellip; <a href=\"https:\/\/praxis-kieler-tor.de\/\" class=\"more-link\"><span class=\"screen-reader-text\">PRAXIS DAUERHAFT GESCHLOSSEN!<\/span> weiterlesen<\/a><\/p>\n","protected":false},"author":1,"featured_media":0,"parent":0,"menu_order":0,"comment_status":"closed","ping_status":"open","template":"","meta":[],"_links":{"self":[{"href":"https:\/\/praxis-kieler-tor.de\/index.php?rest_route=\/wp\/v2\/pages\/2"}],"collection":[{"href":"https:\/\/praxis-kieler-tor.de\/index.php?rest_route=\/wp\/v2\/pages"}],"about":[{"href":"https:\/\/praxis-kieler-tor.de\/index.php?rest_route=\/wp\/v2\/types\/page"}],"author":[{"embeddable":true,"href":"https:\/\/praxis-kieler-tor.de\/index.php?rest_route=\/wp\/v2\/users\/1"}],"replies":[{"embeddable":true,"href":"https:\/\/praxis-kieler-tor.de\/index.php?rest_route=%2Fwp%2Fv2%2Fcomments&post=2"}],"version-history":[{"count":21,"href":"https:\/\/praxis-kieler-tor.de\/index.php?rest_route=\/wp\/v2\/pages\/2\/revisions"}],"predecessor-version":[{"id":276,"href":"https:\/\/praxis-kieler-tor.de\/index.php?rest_route=\/wp\/v2\/pages\/2\/revisions\/276"}],"wp:attachment":[{"href":"https:\/\/praxis-kieler-tor.de\/index.php?rest_route=%2Fwp%2Fv2%2Fmedia&parent=2"}],"curies":[{"name":"wp","href":"https:\/\/api.w.org\/{rel}","templated":true}]}}