{"id":71,"date":"2018-09-16T14:42:22","date_gmt":"2018-09-16T14:42:22","guid":{"rendered":"http:\/\/praxis-kieler-tor.de\/?page_id=71"},"modified":"2025-02-06T13:19:12","modified_gmt":"2025-02-06T13:19:12","slug":"kontakt","status":"publish","type":"page","link":"https:\/\/praxis-kieler-tor.de\/?page_id=71","title":{"rendered":"KONTAKT"},"content":{"rendered":"<div class=\"page\" title=\"Page 1\">\n<div class=\"layoutArea\">\n<div class=\"column\">\n<p><strong>E-Mail<\/strong> info@praxis-kieler-tor.de<\/p>\n<\/div>\n<\/div>\n<\/div>\n<div class=\"page\" title=\"Page 1\">\n<div class=\"layoutArea\">\n<div class=\"column\">\n<p>&#x260e;\ufe0e 04323 80 56 243<\/p>\n<\/div>\n<\/div>\n<\/div>\n<p class=\"p1\"><span class=\"s1\"><strong>Fax<\/strong> 04323 98 37 98 5<\/span><\/p>\n<p class=\"p1\"><strong><span class=\"s1\">Adresse:\u00a0<\/span><\/strong><span class=\"s1\">Kieler Tor 1,\u00a0<\/span><span class=\"s1\">24619 Bornh\u00f6ved<\/span><\/p>\n<p class=\"p1\"><span class=\"s1\">Anfahrt mit \u00f6ffentlichen Verkehrsmitteln: Bushaltestelle Bornh\u00f6ved Adolfplatz.<\/span><\/p>\n<p class=\"p1\"><span class=\"s1\"><a href=\"https:\/\/www.vkp.de\/de\/home\">Hier gehts zu den Busfahrpl\u00e4nen:\u00a0https:\/\/www.vkp.de\/de\/home<\/a><\/span><\/p>\n<p><a href=\"https:\/\/goo.gl\/maps\/9ntZRrKqXUM2\"><img loading=\"lazy\" class=\"aligncenter wp-image-126 size-full\" src=\"http:\/\/praxis-kieler-tor.de\/wp-content\/uploads\/2018\/09\/KarteKielerTor-e1537732998686.jpg\" alt=\"\" width=\"700\" height=\"700\" srcset=\"https:\/\/praxis-kieler-tor.de\/wp-content\/uploads\/2018\/09\/KarteKielerTor-e1537732998686.jpg 700w, https:\/\/praxis-kieler-tor.de\/wp-content\/uploads\/2018\/09\/KarteKielerTor-e1537732998686-150x150.jpg 150w, https:\/\/praxis-kieler-tor.de\/wp-content\/uploads\/2018\/09\/KarteKielerTor-e1537732998686-300x300.jpg 300w\" sizes=\"(max-width: 700px) 100vw, 700px\" \/><\/a><\/p>\n","protected":false},"excerpt":{"rendered":"<p>E-Mail info@praxis-kieler-tor.de &#x260e;\ufe0e 04323 80 56 243 Fax 04323 98 37 98 5 Adresse:\u00a0Kieler Tor 1,\u00a024619 Bornh\u00f6ved Anfahrt mit \u00f6ffentlichen Verkehrsmitteln: Bushaltestelle Bornh\u00f6ved Adolfplatz. Hier gehts zu den Busfahrpl\u00e4nen:\u00a0https:\/\/www.vkp.de\/de\/home<\/p>\n","protected":false},"author":1,"featured_media":0,"parent":0,"menu_order":0,"comment_status":"closed","ping_status":"closed","template":"","meta":[],"_links":{"self":[{"href":"https:\/\/praxis-kieler-tor.de\/index.php?rest_route=\/wp\/v2\/pages\/71"}],"collection":[{"href":"https:\/\/praxis-kieler-tor.de\/index.php?rest_route=\/wp\/v2\/pages"}],"about":[{"href":"https:\/\/praxis-kieler-tor.de\/index.php?rest_route=\/wp\/v2\/types\/page"}],"author":[{"embeddable":true,"href":"https:\/\/praxis-kieler-tor.de\/index.php?rest_route=\/wp\/v2\/users\/1"}],"replies":[{"embeddable":true,"href":"https:\/\/praxis-kieler-tor.de\/index.php?rest_route=%2Fwp%2Fv2%2Fcomments&post=71"}],"version-history":[{"count":28,"href":"https:\/\/praxis-kieler-tor.de\/index.php?rest_route=\/wp\/v2\/pages\/71\/revisions"}],"predecessor-version":[{"id":250,"href":"https:\/\/praxis-kieler-tor.de\/index.php?rest_route=\/wp\/v2\/pages\/71\/revisions\/250"}],"wp:attachment":[{"href":"https:\/\/praxis-kieler-tor.de\/index.php?rest_route=%2Fwp%2Fv2%2Fmedia&parent=71"}],"curies":[{"name":"wp","href":"https:\/\/api.w.org\/{rel}","templated":true}]}}